{"id":710,"date":"2017-11-20T15:30:34","date_gmt":"2017-11-20T14:30:34","guid":{"rendered":"https:\/\/www.ebm-geneva.com\/de\/?page_id=710"},"modified":"2020-12-10T10:12:53","modified_gmt":"2020-12-10T09:12:53","slug":"situationen","status":"publish","type":"page","link":"https:\/\/www.ebm-geneva.com\/de\/situationen\/","title":{"rendered":"Situationen"},"content":{"rendered":"<p>[et_pb_section fb_built=&#8220;1&#8243; fullwidth=&#8220;on&#8220; disabled_on=&#8220;||on&#8220; _builder_version=&#8220;3.22&#8243;][et_pb_fullwidth_slider show_arrows=&#8220;off&#8220; show_pagination=&#8220;off&#8220; module_class=&#8220;slider-mobile-page&#8220; _builder_version=&#8220;3.16&#8243; box_shadow_style=&#8220;preset6&#8243; box_shadow_blur=&#8220;10px&#8220; box_shadow_color=&#8220;rgba(0,0,0,0.1)&#8220; show_inner_shadow=&#8220;on&#8220; button_letter_spacing_hover=&#8220;0&#8243; button_text_size__hover_enabled=&#8220;off&#8220; button_one_text_size__hover_enabled=&#8220;off&#8220; button_two_text_size__hover_enabled=&#8220;off&#8220; button_text_color__hover_enabled=&#8220;off&#8220; button_one_text_color__hover_enabled=&#8220;off&#8220; button_two_text_color__hover_enabled=&#8220;off&#8220; button_border_width__hover_enabled=&#8220;off&#8220; button_one_border_width__hover_enabled=&#8220;off&#8220; button_two_border_width__hover_enabled=&#8220;off&#8220; button_border_color__hover_enabled=&#8220;off&#8220; button_one_border_color__hover_enabled=&#8220;off&#8220; button_two_border_color__hover_enabled=&#8220;off&#8220; button_border_radius__hover_enabled=&#8220;off&#8220; button_one_border_radius__hover_enabled=&#8220;off&#8220; button_two_border_radius__hover_enabled=&#8220;off&#8220; button_letter_spacing__hover_enabled=&#8220;on&#8220; button_letter_spacing__hover=&#8220;0&#8243; button_one_letter_spacing__hover_enabled=&#8220;off&#8220; button_two_letter_spacing__hover_enabled=&#8220;off&#8220; button_bg_color__hover_enabled=&#8220;off&#8220; button_one_bg_color__hover_enabled=&#8220;off&#8220; button_two_bg_color__hover_enabled=&#8220;off&#8220;][et_pb_slide use_bg_overlay=&#8220;off&#8220; use_text_overlay=&#8220;off&#8220; _builder_version=&#8220;3.16&#8243; header_font=&#8220;||||&#8220; body_font=&#8220;||||&#8220; background_color=&#8220;#ffffff&#8220; background_image=&#8220;https:\/\/www.ebm-geneva.com\/wp-content\/uploads\/2017\/10\/Coaching-Therapeutique-Entreprise-Geneve.jpg&#8220; button_icon_placement=&#8220;right&#8220; button_on_hover=&#8220;on&#8220; button_text_size__hover_enabled=&#8220;off&#8220; button_one_text_size__hover_enabled=&#8220;off&#8220; button_two_text_size__hover_enabled=&#8220;off&#8220; button_text_color__hover_enabled=&#8220;off&#8220; button_one_text_color__hover_enabled=&#8220;off&#8220; button_two_text_color__hover_enabled=&#8220;off&#8220; button_border_width__hover_enabled=&#8220;off&#8220; button_one_border_width__hover_enabled=&#8220;off&#8220; button_two_border_width__hover_enabled=&#8220;off&#8220; button_border_color__hover_enabled=&#8220;off&#8220; button_one_border_color__hover_enabled=&#8220;off&#8220; button_two_border_color__hover_enabled=&#8220;off&#8220; button_border_radius__hover_enabled=&#8220;off&#8220; button_one_border_radius__hover_enabled=&#8220;off&#8220; button_two_border_radius__hover_enabled=&#8220;off&#8220; button_letter_spacing__hover_enabled=&#8220;off&#8220; button_one_letter_spacing__hover_enabled=&#8220;off&#8220; button_two_letter_spacing__hover_enabled=&#8220;off&#8220; button_bg_color__hover_enabled=&#8220;off&#8220; button_one_bg_color__hover_enabled=&#8220;off&#8220; button_two_bg_color__hover_enabled=&#8220;off&#8220;][\/et_pb_slide][\/et_pb_fullwidth_slider][\/et_pb_section][et_pb_section fb_built=&#8220;1&#8243; _builder_version=&#8220;3.22&#8243; custom_margin=&#8220;0px||0px|&#8220; custom_padding=&#8220;0px|0px|0px|0px&#8220;][et_pb_row column_structure=&#8220;1_2,1_2&#8243; use_custom_gutter=&#8220;on&#8220; gutter_width=&#8220;1&#8243; make_equal=&#8220;on&#8220; module_class=&#8220;bloc-img et_pb_row_fullwidth&#8220; _builder_version=&#8220;3.25&#8243; width=&#8220;100%&#8220; width_tablet=&#8220;100%&#8220; width_phone=&#8220;&#8220; width_last_edited=&#8220;on|desktop&#8220; max_width=&#8220;100%&#8220; max_width_tablet=&#8220;100%&#8220; max_width_phone=&#8220;&#8220; max_width_last_edited=&#8220;on|desktop&#8220; custom_padding=&#8220;0px|0px|0px|0px&#8220; make_fullwidth=&#8220;on&#8220;][et_pb_column type=&#8220;1_2&#8243; _builder_version=&#8220;3.25&#8243; background_image=&#8220;https:\/\/www.ebm-geneva.com\/wp-content\/uploads\/2017\/10\/Coaching-Therapeutique-Entreprise-Geneve.jpg&#8220; custom_padding=&#8220;|||&#8220; custom_padding_last_edited=&#8220;off|&#8220; custom_padding__hover=&#8220;|||&#8220;][\/et_pb_column][et_pb_column type=&#8220;1_2&#8243; _builder_version=&#8220;3.25&#8243; custom_padding=&#8220;|||&#8220; custom_padding_last_edited=&#8220;off|&#8220; custom_padding__hover=&#8220;|||&#8220;][et_pb_text module_class=&#8220;Titre-home&#8220; _builder_version=&#8220;3.27.4&#8243; custom_margin=&#8220;|1px||2px&#8220; custom_padding=&#8220;40px|40px|40px|40px&#8220; border_style=&#8220;solid&#8220;]<\/p>\n<h1>Gestion crise en entreprise Gen\u00e8ve<\/h1>\n<p>[\/et_pb_text][et_pb_text module_class=&#8220;scrol&#8220; _builder_version=&#8220;4.2.2&#8243; custom_margin=&#8220;|1px||2px&#8220; custom_padding=&#8220;40px|40px|40px|40px&#8220; border_style=&#8220;solid&#8220;]<\/p>\n<h1><strong>Situationen<\/strong><\/h1>\n<h2><strong style=\"color: red;\"><br \/>Wahrnehmen und Antizipieren. <\/strong><strong style=\"color: black;\">Wird man sich einer Gefahr bewusst, <\/strong><strong style=\"color: black;\">ist es oft zu sp\u00e4t.<\/strong><\/h2>\n<p>&nbsp;<\/p>\n<h6><em><strong>Anticipation und Investition !<\/strong><\/em><\/h6>\n<h3><span style=\"color: #808080;\"><strong>Solche Situationen k\u00f6nnen schon morgen auftreten :\u00a0<\/strong><\/span><\/h3>\n<h3><span style=\"color: #808080;\">&#8211; Sie m\u00fcssen sich von einem Mitarbeiter trennen, der mehr als 15 Jahre f\u00fcr Sie t\u00e4tig ist. <\/span><\/h3>\n<p>&nbsp;<\/p>\n<h3><strong><span style=\"color: #808080;\">&#8211; Sie sind konfrontiert mit einer heiklen Status- und Vertrags\u00e4nderung eines wertvollen Spezialisten.\u00a0<\/span><\/strong><\/h3>\n<p>&nbsp;<\/p>\n<h3><span style=\"color: #808080;\">&#8211; Sie erfahren, dass sich einer Ihrer Angestellten in einer famili\u00e4ren oder einer finanziellen Lage befindet, die untragbar geworden ist.<\/span><\/h3>\n<p>&nbsp;<\/p>\n<h3><strong><span style=\"color: #808080;\">&#8211; Sie m\u00f6chten Ph\u00e4nomene wie Mobbing oder Burnout in Ihrem Team verhindern und ihnen pr\u00e4ventiv begegnen sowie Ihr Personal in Hinsicht auf <\/span><\/strong><span style=\"color: #808080;\">4.0<\/span><strong><span style=\"color: #808080;\"> vorbereiten, schulen, und begleiten.\u00a0<\/span><\/strong><\/h3>\n<p>&nbsp;<\/p>\n<h3><span style=\"color: #808080;\">&#8211; Sie w\u00fcnschen eine psychologische Beratung und Begleitung f\u00fcr Angestellte, die sich der Arbeitsunf\u00e4higkeit gegen\u00fcbersehen. <\/span><\/h3>\n<p>&nbsp;<\/p>\n<h3><strong><span style=\"color: #808080;\">&#8211; Ein schwerer Unfall, Todesfall oder Suizid in Ihrem Unternehmen.\u00a0<\/span><\/strong><\/h3>\n<h3>\u00a0<\/h3>\n<h3><strong><em>PRS: ein modernes Startwerkzeug in einem effizienten Gesamtdesignsystem<\/em><\/strong><\/h3>\n<p>Neue Horizonte mit dem Prinzip der Wiedereingliederung und Anpassung<\/p>\n<p>&nbsp;<\/p>\n<p>[\/et_pb_text][\/et_pb_column][\/et_pb_row][\/et_pb_section]<\/p>\n","protected":false},"excerpt":{"rendered":"<p>Gestion crise en entreprise Gen\u00e8ve Situationen Wahrnehmen und Antizipieren. Wird man sich einer Gefahr bewusst, ist es oft zu sp\u00e4t. &nbsp; Anticipation und Investition ! Solche Situationen k\u00f6nnen schon morgen auftreten :\u00a0 &#8211; Sie m\u00fcssen sich von einem Mitarbeiter trennen, der mehr als 15 Jahre f\u00fcr Sie t\u00e4tig ist. &nbsp; &#8211; Sie sind konfrontiert mit [&hellip;]<\/p>\n","protected":false},"author":4,"featured_media":0,"parent":0,"menu_order":0,"comment_status":"closed","ping_status":"closed","template":"","meta":{"_et_pb_use_builder":"on","_et_pb_old_content":"","_et_gb_content_width":"","footnotes":""},"class_list":["post-710","page","type-page","status-publish","hentry"],"yoast_head":"<!-- This site is optimized with the Yoast SEO plugin v27.4 - https:\/\/yoast.com\/product\/yoast-seo-wordpress\/ -->\n<title>Situationen - EBM consulting<\/title>\n<meta name=\"robots\" content=\"index, follow, max-snippet:-1, max-image-preview:large, max-video-preview:-1\" \/>\n<link rel=\"canonical\" href=\"https:\/\/www.ebm-geneva.com\/de\/situationen\/\" \/>\n<meta property=\"og:locale\" content=\"de_DE\" \/>\n<meta property=\"og:type\" content=\"article\" \/>\n<meta property=\"og:title\" content=\"Situationen - EBM consulting\" \/>\n<meta property=\"og:description\" content=\"Gestion crise en entreprise Gen\u00e8ve Situationen Wahrnehmen und Antizipieren. Wird man sich einer Gefahr bewusst, ist es oft zu sp\u00e4t. &nbsp; Anticipation und Investition ! Solche Situationen k\u00f6nnen schon morgen auftreten :\u00a0 - Sie m\u00fcssen sich von einem Mitarbeiter trennen, der mehr als 15 Jahre f\u00fcr Sie t\u00e4tig ist. &nbsp; - Sie sind konfrontiert mit [&hellip;]\" \/>\n<meta property=\"og:url\" content=\"https:\/\/www.ebm-geneva.com\/de\/situationen\/\" \/>\n<meta property=\"og:site_name\" content=\"EBM consulting\" \/>\n<meta property=\"article:modified_time\" content=\"2020-12-10T09:12:53+00:00\" \/>\n<meta name=\"twitter:card\" content=\"summary_large_image\" \/>\n<meta name=\"twitter:label1\" content=\"Gesch\u00e4tzte Lesezeit\" \/>\n\t<meta name=\"twitter:data1\" content=\"4\u00a0Minuten\" \/>\n<script type=\"application\/ld+json\" class=\"yoast-schema-graph\">{\"@context\":\"https:\\\/\\\/schema.org\",\"@graph\":[{\"@type\":\"WebPage\",\"@id\":\"https:\\\/\\\/www.ebm-geneva.com\\\/de\\\/situationen\\\/\",\"url\":\"https:\\\/\\\/www.ebm-geneva.com\\\/de\\\/situationen\\\/\",\"name\":\"Situationen - EBM consulting\",\"isPartOf\":{\"@id\":\"https:\\\/\\\/www.ebm-geneva.com\\\/#website\"},\"datePublished\":\"2017-11-20T14:30:34+00:00\",\"dateModified\":\"2020-12-10T09:12:53+00:00\",\"breadcrumb\":{\"@id\":\"https:\\\/\\\/www.ebm-geneva.com\\\/de\\\/situationen\\\/#breadcrumb\"},\"inLanguage\":\"de\",\"potentialAction\":[{\"@type\":\"ReadAction\",\"target\":[\"https:\\\/\\\/www.ebm-geneva.com\\\/de\\\/situationen\\\/\"]}]},{\"@type\":\"BreadcrumbList\",\"@id\":\"https:\\\/\\\/www.ebm-geneva.com\\\/de\\\/situationen\\\/#breadcrumb\",\"itemListElement\":[{\"@type\":\"ListItem\",\"position\":1,\"name\":\"Accueil\",\"item\":\"https:\\\/\\\/www.ebm-geneva.com\\\/de\\\/\"},{\"@type\":\"ListItem\",\"position\":2,\"name\":\"Situationen\"}]},{\"@type\":\"WebSite\",\"@id\":\"https:\\\/\\\/www.ebm-geneva.com\\\/#website\",\"url\":\"https:\\\/\\\/www.ebm-geneva.com\\\/\",\"name\":\"EBM consulting\",\"description\":\"Coaching en entreprise Gen\u00e8ve\",\"publisher\":{\"@id\":\"https:\\\/\\\/www.ebm-geneva.com\\\/#organization\"},\"potentialAction\":[{\"@type\":\"SearchAction\",\"target\":{\"@type\":\"EntryPoint\",\"urlTemplate\":\"https:\\\/\\\/www.ebm-geneva.com\\\/?s={search_term_string}\"},\"query-input\":{\"@type\":\"PropertyValueSpecification\",\"valueRequired\":true,\"valueName\":\"search_term_string\"}}],\"inLanguage\":\"de\"},{\"@type\":\"Organization\",\"@id\":\"https:\\\/\\\/www.ebm-geneva.com\\\/#organization\",\"name\":\"EBM consulting\",\"url\":\"https:\\\/\\\/www.ebm-geneva.com\\\/\",\"logo\":{\"@type\":\"ImageObject\",\"inLanguage\":\"de\",\"@id\":\"https:\\\/\\\/www.ebm-geneva.com\\\/#\\\/schema\\\/logo\\\/image\\\/\",\"url\":\"https:\\\/\\\/www.ebm-geneva.com\\\/wp-content\\\/uploads\\\/2017\\\/10\\\/EBM-consulting.png\",\"contentUrl\":\"https:\\\/\\\/www.ebm-geneva.com\\\/wp-content\\\/uploads\\\/2017\\\/10\\\/EBM-consulting.png\",\"width\":900,\"height\":349,\"caption\":\"EBM consulting\"},\"image\":{\"@id\":\"https:\\\/\\\/www.ebm-geneva.com\\\/#\\\/schema\\\/logo\\\/image\\\/\"}}]}<\/script>\n<!-- \/ Yoast SEO plugin. -->","yoast_head_json":{"title":"Situationen - EBM consulting","robots":{"index":"index","follow":"follow","max-snippet":"max-snippet:-1","max-image-preview":"max-image-preview:large","max-video-preview":"max-video-preview:-1"},"canonical":"https:\/\/www.ebm-geneva.com\/de\/situationen\/","og_locale":"de_DE","og_type":"article","og_title":"Situationen - EBM consulting","og_description":"Gestion crise en entreprise Gen\u00e8ve Situationen Wahrnehmen und Antizipieren. Wird man sich einer Gefahr bewusst, ist es oft zu sp\u00e4t. &nbsp; Anticipation und Investition ! Solche Situationen k\u00f6nnen schon morgen auftreten :\u00a0 - Sie m\u00fcssen sich von einem Mitarbeiter trennen, der mehr als 15 Jahre f\u00fcr Sie t\u00e4tig ist. &nbsp; - Sie sind konfrontiert mit [&hellip;]","og_url":"https:\/\/www.ebm-geneva.com\/de\/situationen\/","og_site_name":"EBM consulting","article_modified_time":"2020-12-10T09:12:53+00:00","twitter_card":"summary_large_image","twitter_misc":{"Gesch\u00e4tzte Lesezeit":"4\u00a0Minuten"},"schema":{"@context":"https:\/\/schema.org","@graph":[{"@type":"WebPage","@id":"https:\/\/www.ebm-geneva.com\/de\/situationen\/","url":"https:\/\/www.ebm-geneva.com\/de\/situationen\/","name":"Situationen - EBM consulting","isPartOf":{"@id":"https:\/\/www.ebm-geneva.com\/#website"},"datePublished":"2017-11-20T14:30:34+00:00","dateModified":"2020-12-10T09:12:53+00:00","breadcrumb":{"@id":"https:\/\/www.ebm-geneva.com\/de\/situationen\/#breadcrumb"},"inLanguage":"de","potentialAction":[{"@type":"ReadAction","target":["https:\/\/www.ebm-geneva.com\/de\/situationen\/"]}]},{"@type":"BreadcrumbList","@id":"https:\/\/www.ebm-geneva.com\/de\/situationen\/#breadcrumb","itemListElement":[{"@type":"ListItem","position":1,"name":"Accueil","item":"https:\/\/www.ebm-geneva.com\/de\/"},{"@type":"ListItem","position":2,"name":"Situationen"}]},{"@type":"WebSite","@id":"https:\/\/www.ebm-geneva.com\/#website","url":"https:\/\/www.ebm-geneva.com\/","name":"EBM consulting","description":"Coaching en entreprise Gen\u00e8ve","publisher":{"@id":"https:\/\/www.ebm-geneva.com\/#organization"},"potentialAction":[{"@type":"SearchAction","target":{"@type":"EntryPoint","urlTemplate":"https:\/\/www.ebm-geneva.com\/?s={search_term_string}"},"query-input":{"@type":"PropertyValueSpecification","valueRequired":true,"valueName":"search_term_string"}}],"inLanguage":"de"},{"@type":"Organization","@id":"https:\/\/www.ebm-geneva.com\/#organization","name":"EBM consulting","url":"https:\/\/www.ebm-geneva.com\/","logo":{"@type":"ImageObject","inLanguage":"de","@id":"https:\/\/www.ebm-geneva.com\/#\/schema\/logo\/image\/","url":"https:\/\/www.ebm-geneva.com\/wp-content\/uploads\/2017\/10\/EBM-consulting.png","contentUrl":"https:\/\/www.ebm-geneva.com\/wp-content\/uploads\/2017\/10\/EBM-consulting.png","width":900,"height":349,"caption":"EBM consulting"},"image":{"@id":"https:\/\/www.ebm-geneva.com\/#\/schema\/logo\/image\/"}}]}},"_links":{"self":[{"href":"https:\/\/www.ebm-geneva.com\/de\/wp-json\/wp\/v2\/pages\/710","targetHints":{"allow":["GET"]}}],"collection":[{"href":"https:\/\/www.ebm-geneva.com\/de\/wp-json\/wp\/v2\/pages"}],"about":[{"href":"https:\/\/www.ebm-geneva.com\/de\/wp-json\/wp\/v2\/types\/page"}],"author":[{"embeddable":true,"href":"https:\/\/www.ebm-geneva.com\/de\/wp-json\/wp\/v2\/users\/4"}],"replies":[{"embeddable":true,"href":"https:\/\/www.ebm-geneva.com\/de\/wp-json\/wp\/v2\/comments?post=710"}],"version-history":[{"count":20,"href":"https:\/\/www.ebm-geneva.com\/de\/wp-json\/wp\/v2\/pages\/710\/revisions"}],"predecessor-version":[{"id":1848,"href":"https:\/\/www.ebm-geneva.com\/de\/wp-json\/wp\/v2\/pages\/710\/revisions\/1848"}],"wp:attachment":[{"href":"https:\/\/www.ebm-geneva.com\/de\/wp-json\/wp\/v2\/media?parent=710"}],"curies":[{"name":"wp","href":"https:\/\/api.w.org\/{rel}","templated":true}]}}