{"id":716,"date":"2017-11-20T15:43:15","date_gmt":"2017-11-20T14:43:15","guid":{"rendered":"https:\/\/www.ebm-geneva.com\/de\/?page_id=716"},"modified":"2023-03-13T09:12:08","modified_gmt":"2023-03-13T08:12:08","slug":"konzept","status":"publish","type":"page","link":"https:\/\/www.ebm-geneva.com\/de\/konzept\/","title":{"rendered":"Konzept"},"content":{"rendered":"<p>[et_pb_section fb_built=&#8220;1&#8243; fullwidth=&#8220;on&#8220; disabled_on=&#8220;on|on|on&#8220; _builder_version=&#8220;4.20.2&#8243; hover_enabled=&#8220;0&#8243; global_colors_info=&#8220;{}&#8220; disabled=&#8220;on&#8220; sticky_enabled=&#8220;0&#8243;][et_pb_fullwidth_slider show_arrows=&#8220;off&#8220; show_pagination=&#8220;off&#8220; module_class=&#8220;slider-mobile-page&#8220; _builder_version=&#8220;4.16&#8243; box_shadow_style=&#8220;preset6&#8243; box_shadow_blur=&#8220;10px&#8220; box_shadow_color=&#8220;rgba(0,0,0,0.1)&#8220; show_inner_shadow=&#8220;on&#8220; button_letter_spacing_hover=&#8220;0&#8243; global_colors_info=&#8220;{}&#8220; button_text_size__hover_enabled=&#8220;off&#8220; button_one_text_size__hover_enabled=&#8220;off&#8220; button_two_text_size__hover_enabled=&#8220;off&#8220; button_text_color__hover_enabled=&#8220;off&#8220; button_one_text_color__hover_enabled=&#8220;off&#8220; button_two_text_color__hover_enabled=&#8220;off&#8220; button_border_width__hover_enabled=&#8220;off&#8220; button_one_border_width__hover_enabled=&#8220;off&#8220; button_two_border_width__hover_enabled=&#8220;off&#8220; button_border_color__hover_enabled=&#8220;off&#8220; button_one_border_color__hover_enabled=&#8220;off&#8220; button_two_border_color__hover_enabled=&#8220;off&#8220; button_border_radius__hover_enabled=&#8220;off&#8220; button_one_border_radius__hover_enabled=&#8220;off&#8220; button_two_border_radius__hover_enabled=&#8220;off&#8220; button_letter_spacing__hover_enabled=&#8220;on&#8220; button_letter_spacing__hover=&#8220;0&#8243; button_one_letter_spacing__hover_enabled=&#8220;off&#8220; button_two_letter_spacing__hover_enabled=&#8220;off&#8220; button_bg_color__hover_enabled=&#8220;off&#8220; button_one_bg_color__hover_enabled=&#8220;off&#8220; button_two_bg_color__hover_enabled=&#8220;off&#8220;][et_pb_slide use_bg_overlay=&#8220;off&#8220; use_text_overlay=&#8220;off&#8220; _builder_version=&#8220;4.16&#8243; header_font=&#8220;||||&#8220; body_font=&#8220;||||&#8220; background_color=&#8220;#ffffff&#8220; background_image=&#8220;https:\/\/www.ebm-geneva.com\/wp-content\/uploads\/2017\/10\/Assistance-Restructuration-entreprise-Geneve.jpg&#8220; button_icon_placement=&#8220;right&#8220; button_on_hover=&#8220;on&#8220; global_colors_info=&#8220;{}&#8220; button_text_size__hover_enabled=&#8220;off&#8220; button_one_text_size__hover_enabled=&#8220;off&#8220; button_two_text_size__hover_enabled=&#8220;off&#8220; button_text_color__hover_enabled=&#8220;off&#8220; button_one_text_color__hover_enabled=&#8220;off&#8220; button_two_text_color__hover_enabled=&#8220;off&#8220; button_border_width__hover_enabled=&#8220;off&#8220; button_one_border_width__hover_enabled=&#8220;off&#8220; button_two_border_width__hover_enabled=&#8220;off&#8220; button_border_color__hover_enabled=&#8220;off&#8220; button_one_border_color__hover_enabled=&#8220;off&#8220; button_two_border_color__hover_enabled=&#8220;off&#8220; button_border_radius__hover_enabled=&#8220;off&#8220; button_one_border_radius__hover_enabled=&#8220;off&#8220; button_two_border_radius__hover_enabled=&#8220;off&#8220; button_letter_spacing__hover_enabled=&#8220;off&#8220; button_one_letter_spacing__hover_enabled=&#8220;off&#8220; button_two_letter_spacing__hover_enabled=&#8220;off&#8220; button_bg_color__hover_enabled=&#8220;off&#8220; button_one_bg_color__hover_enabled=&#8220;off&#8220; button_two_bg_color__hover_enabled=&#8220;off&#8220; sticky_transition=&#8220;on&#8220;][\/et_pb_slide][\/et_pb_fullwidth_slider][\/et_pb_section][et_pb_section fb_built=&#8220;1&#8243; _builder_version=&#8220;4.16&#8243; custom_margin=&#8220;0px||0px|&#8220; custom_padding=&#8220;0px|0px|0px|0px&#8220; global_colors_info=&#8220;{}&#8220;][et_pb_row use_custom_gutter=&#8220;on&#8220; gutter_width=&#8220;1&#8243; make_equal=&#8220;on&#8220; module_class=&#8220;bloc-img et_pb_row_fullwidth&#8220; _builder_version=&#8220;4.16&#8243; width=&#8220;100%&#8220; width_tablet=&#8220;100%&#8220; width_phone=&#8220;&#8220; width_last_edited=&#8220;on|desktop&#8220; max_width=&#8220;100%&#8220; max_width_tablet=&#8220;100%&#8220; max_width_phone=&#8220;&#8220; max_width_last_edited=&#8220;on|desktop&#8220; custom_padding=&#8220;0px|0px|0px|0px&#8220; make_fullwidth=&#8220;on&#8220; global_colors_info=&#8220;{}&#8220;][et_pb_column type=&#8220;4_4&#8243; _builder_version=&#8220;4.16&#8243; custom_padding=&#8220;|||&#8220; custom_padding_last_edited=&#8220;off|&#8220; global_colors_info=&#8220;{}&#8220; custom_padding__hover=&#8220;|||&#8220;][et_pb_text module_class=&#8220;Titre-home&#8220; _builder_version=&#8220;4.16&#8243; custom_margin=&#8220;|1px|20vh|2px&#8220; custom_padding=&#8220;40px|40px|100px|40px&#8220; border_style=&#8220;solid&#8220; global_colors_info=&#8220;{}&#8220;]<\/p>\n<h1>M\u00e9diation en entreprise Gen\u00e8ve<\/h1>\n<p>[\/et_pb_text][et_pb_text module_class=&#8220;scrol&#8220; _builder_version=&#8220;4.16&#8243; custom_margin=&#8220;|1px|20vh|2px&#8220; custom_padding=&#8220;40px|40px|100px|40px&#8220; border_style=&#8220;solid&#8220; global_colors_info=&#8220;{}&#8220;]<\/p>\n<h1><strong>Konzept<\/strong><\/h1>\n<h2><strong style=\"color: black;\">Im <\/strong><strong style=\"color: red;\">Herzen <\/strong><strong style=\"color: black;\">des Unerwarteten<\/strong><\/h2>\n<h4><strong style=\"color: black;\">Spezialisierung : Behandlung von post-traumatischen Belastst\u00f6rungen (PTSD)<\/strong><\/h4>\n<h5>die Einzige, in der Schweiz, mit dieser Berufserfahrung<\/h5>\n<p>&nbsp;<\/p>\n<h5><strong>F\u00fcr wen ?<\/strong><br \/>F\u00fcr jede Person, die eine schwierige, besch\u00e4mende, verzwickte oder unl\u00f6sbare Lebensprobe hinter sich hat, oder dieser gegen\u00fcbersteht.<\/h5>\n<p>&nbsp;<\/p>\n<h5><strong>Warum ?<\/strong><br \/>Pr\u00e4vention und Management von individuellen und kollektiven Krisen. Verlust einer nahestehenden Person. Entlassung. Berufliche Neuorientierung. Famili\u00e4re Konflikte. Missbrauch, psychische oder k\u00f6rperliche Gewalt. Unfall oder ernste Krankheit. Kommunikation einer schwierigen Entscheidung.<\/h5>\n<p>&nbsp;<\/p>\n<h5><strong>Wo ?<\/strong><br \/>\u00dcberall dort, wo das direkte Umfeld und die Beh\u00f6rden (Unternehmen, Spit\u00e4ler, der Staat usw.) nicht exklusiv eingreifen k\u00f6nnen. Die Dienstleistungen werden vor Ort, beziehungsweise in der Praxis von EBM Consulting erbracht.<\/h5>\n<p>&nbsp;<\/p>\n<h5><strong> Beratung, Massnahmen :<\/strong> die Kunst der Massanfertigung.<\/h5>\n<h5>\u00a0<\/h5>\n<h5>1___ Begleitung der Massnahmen: (SAV, IV, etc.) schreiben sowohl dem Versicherten als auch den Aerzten immer k\u00fcrzere Therapiezeiten vor. Der praktizierende Arzt wird somit in seinen M\u00f6glichkeiten, eine Problematik im allgemeinen Kontext zu vertiefen, eingeschr\u00e4nkt.<\/h5>\n<h5>\u00a0<\/h5>\n<h5>2___ Motivation des Angestellten: Sensibilisierung des ebenfalls unter Druck stehen Arbeitgebers welcher h\u00f6chst wahrscheinlich seine Toleranzgrenze, gegen\u00fcber seinem zur Zeit verwundbaren Mitarbeiters, auch reduziert.<\/h5>\n<h5>\u00a0<\/h5>\n<h5>3___ Potenzialentfaltung: Aneignung von konkreten Mitteln, Wiedererlangung, in einer angemessen Zeit, der Eigenst\u00e4ndigkeit und der W\u00fcrde, basiert auf Grund einer gemeinsamen Vereinbarung, mittels Respekt der Freiheit der betroffen Person. W\u00e4hrend dieser intensiven Arbeit werden die s\u00e4mtlichen F\u00e4higkeiten der Person gleichzeitig mobilisiert.<\/h5>\n<h5>\u00a0<\/h5>\n<h5>4___ Unterst\u00fctzung und F\u00f6rderung eines Trauerprozesses: Optimierung einer plausiblen Widerstandsf\u00e4higkeit. Freisetzung neuer W\u00fcnsche, Ziele und Bestimmungen durch das Erheben einer gewissen Unsicherheit.<\/h5>\n<p>[\/et_pb_text][\/et_pb_column][\/et_pb_row][\/et_pb_section]<\/p>\n","protected":false},"excerpt":{"rendered":"<p>M\u00e9diation en entreprise Gen\u00e8ve Konzept Im Herzen des Unerwarteten Spezialisierung : Behandlung von post-traumatischen Belastst\u00f6rungen (PTSD) die Einzige, in der Schweiz, mit dieser Berufserfahrung &nbsp; F\u00fcr wen ?F\u00fcr jede Person, die eine schwierige, besch\u00e4mende, verzwickte oder unl\u00f6sbare Lebensprobe hinter sich hat, oder dieser gegen\u00fcbersteht. &nbsp; Warum ?Pr\u00e4vention und Management von individuellen und kollektiven Krisen. Verlust [&hellip;]<\/p>\n","protected":false},"author":4,"featured_media":0,"parent":0,"menu_order":0,"comment_status":"closed","ping_status":"closed","template":"","meta":{"_et_pb_use_builder":"on","_et_pb_old_content":"","_et_gb_content_width":"","footnotes":""},"class_list":["post-716","page","type-page","status-publish","hentry"],"yoast_head":"<!-- This site is optimized with the Yoast SEO plugin v27.4 - https:\/\/yoast.com\/product\/yoast-seo-wordpress\/ -->\n<title>Konzept - EBM consulting<\/title>\n<meta name=\"robots\" content=\"index, follow, max-snippet:-1, max-image-preview:large, max-video-preview:-1\" \/>\n<link rel=\"canonical\" href=\"https:\/\/www.ebm-geneva.com\/de\/konzept\/\" \/>\n<meta property=\"og:locale\" content=\"de_DE\" \/>\n<meta property=\"og:type\" content=\"article\" \/>\n<meta property=\"og:title\" content=\"Konzept - EBM consulting\" \/>\n<meta property=\"og:description\" content=\"M\u00e9diation en entreprise Gen\u00e8ve Konzept Im Herzen des Unerwarteten Spezialisierung : Behandlung von post-traumatischen Belastst\u00f6rungen (PTSD) die Einzige, in der Schweiz, mit dieser Berufserfahrung &nbsp; F\u00fcr wen ?F\u00fcr jede Person, die eine schwierige, besch\u00e4mende, verzwickte oder unl\u00f6sbare Lebensprobe hinter sich hat, oder dieser gegen\u00fcbersteht. &nbsp; Warum ?Pr\u00e4vention und Management von individuellen und kollektiven Krisen. Verlust [&hellip;]\" \/>\n<meta property=\"og:url\" content=\"https:\/\/www.ebm-geneva.com\/de\/konzept\/\" \/>\n<meta property=\"og:site_name\" content=\"EBM consulting\" \/>\n<meta property=\"article:modified_time\" content=\"2023-03-13T08:12:08+00:00\" \/>\n<meta name=\"twitter:card\" content=\"summary_large_image\" \/>\n<meta name=\"twitter:label1\" content=\"Gesch\u00e4tzte Lesezeit\" \/>\n\t<meta name=\"twitter:data1\" content=\"2\u00a0Minuten\" \/>\n<script type=\"application\/ld+json\" class=\"yoast-schema-graph\">{\"@context\":\"https:\\\/\\\/schema.org\",\"@graph\":[{\"@type\":\"WebPage\",\"@id\":\"https:\\\/\\\/www.ebm-geneva.com\\\/de\\\/konzept\\\/\",\"url\":\"https:\\\/\\\/www.ebm-geneva.com\\\/de\\\/konzept\\\/\",\"name\":\"Konzept - EBM consulting\",\"isPartOf\":{\"@id\":\"https:\\\/\\\/www.ebm-geneva.com\\\/#website\"},\"datePublished\":\"2017-11-20T14:43:15+00:00\",\"dateModified\":\"2023-03-13T08:12:08+00:00\",\"breadcrumb\":{\"@id\":\"https:\\\/\\\/www.ebm-geneva.com\\\/de\\\/konzept\\\/#breadcrumb\"},\"inLanguage\":\"de\",\"potentialAction\":[{\"@type\":\"ReadAction\",\"target\":[\"https:\\\/\\\/www.ebm-geneva.com\\\/de\\\/konzept\\\/\"]}]},{\"@type\":\"BreadcrumbList\",\"@id\":\"https:\\\/\\\/www.ebm-geneva.com\\\/de\\\/konzept\\\/#breadcrumb\",\"itemListElement\":[{\"@type\":\"ListItem\",\"position\":1,\"name\":\"Accueil\",\"item\":\"https:\\\/\\\/www.ebm-geneva.com\\\/de\\\/\"},{\"@type\":\"ListItem\",\"position\":2,\"name\":\"Konzept\"}]},{\"@type\":\"WebSite\",\"@id\":\"https:\\\/\\\/www.ebm-geneva.com\\\/#website\",\"url\":\"https:\\\/\\\/www.ebm-geneva.com\\\/\",\"name\":\"EBM consulting\",\"description\":\"Coaching en entreprise Gen\u00e8ve\",\"publisher\":{\"@id\":\"https:\\\/\\\/www.ebm-geneva.com\\\/#organization\"},\"potentialAction\":[{\"@type\":\"SearchAction\",\"target\":{\"@type\":\"EntryPoint\",\"urlTemplate\":\"https:\\\/\\\/www.ebm-geneva.com\\\/?s={search_term_string}\"},\"query-input\":{\"@type\":\"PropertyValueSpecification\",\"valueRequired\":true,\"valueName\":\"search_term_string\"}}],\"inLanguage\":\"de\"},{\"@type\":\"Organization\",\"@id\":\"https:\\\/\\\/www.ebm-geneva.com\\\/#organization\",\"name\":\"EBM consulting\",\"url\":\"https:\\\/\\\/www.ebm-geneva.com\\\/\",\"logo\":{\"@type\":\"ImageObject\",\"inLanguage\":\"de\",\"@id\":\"https:\\\/\\\/www.ebm-geneva.com\\\/#\\\/schema\\\/logo\\\/image\\\/\",\"url\":\"https:\\\/\\\/www.ebm-geneva.com\\\/wp-content\\\/uploads\\\/2017\\\/10\\\/EBM-consulting.png\",\"contentUrl\":\"https:\\\/\\\/www.ebm-geneva.com\\\/wp-content\\\/uploads\\\/2017\\\/10\\\/EBM-consulting.png\",\"width\":900,\"height\":349,\"caption\":\"EBM consulting\"},\"image\":{\"@id\":\"https:\\\/\\\/www.ebm-geneva.com\\\/#\\\/schema\\\/logo\\\/image\\\/\"}}]}<\/script>\n<!-- \/ Yoast SEO plugin. -->","yoast_head_json":{"title":"Konzept - EBM consulting","robots":{"index":"index","follow":"follow","max-snippet":"max-snippet:-1","max-image-preview":"max-image-preview:large","max-video-preview":"max-video-preview:-1"},"canonical":"https:\/\/www.ebm-geneva.com\/de\/konzept\/","og_locale":"de_DE","og_type":"article","og_title":"Konzept - EBM consulting","og_description":"M\u00e9diation en entreprise Gen\u00e8ve Konzept Im Herzen des Unerwarteten Spezialisierung : Behandlung von post-traumatischen Belastst\u00f6rungen (PTSD) die Einzige, in der Schweiz, mit dieser Berufserfahrung &nbsp; F\u00fcr wen ?F\u00fcr jede Person, die eine schwierige, besch\u00e4mende, verzwickte oder unl\u00f6sbare Lebensprobe hinter sich hat, oder dieser gegen\u00fcbersteht. &nbsp; Warum ?Pr\u00e4vention und Management von individuellen und kollektiven Krisen. Verlust [&hellip;]","og_url":"https:\/\/www.ebm-geneva.com\/de\/konzept\/","og_site_name":"EBM consulting","article_modified_time":"2023-03-13T08:12:08+00:00","twitter_card":"summary_large_image","twitter_misc":{"Gesch\u00e4tzte Lesezeit":"2\u00a0Minuten"},"schema":{"@context":"https:\/\/schema.org","@graph":[{"@type":"WebPage","@id":"https:\/\/www.ebm-geneva.com\/de\/konzept\/","url":"https:\/\/www.ebm-geneva.com\/de\/konzept\/","name":"Konzept - EBM consulting","isPartOf":{"@id":"https:\/\/www.ebm-geneva.com\/#website"},"datePublished":"2017-11-20T14:43:15+00:00","dateModified":"2023-03-13T08:12:08+00:00","breadcrumb":{"@id":"https:\/\/www.ebm-geneva.com\/de\/konzept\/#breadcrumb"},"inLanguage":"de","potentialAction":[{"@type":"ReadAction","target":["https:\/\/www.ebm-geneva.com\/de\/konzept\/"]}]},{"@type":"BreadcrumbList","@id":"https:\/\/www.ebm-geneva.com\/de\/konzept\/#breadcrumb","itemListElement":[{"@type":"ListItem","position":1,"name":"Accueil","item":"https:\/\/www.ebm-geneva.com\/de\/"},{"@type":"ListItem","position":2,"name":"Konzept"}]},{"@type":"WebSite","@id":"https:\/\/www.ebm-geneva.com\/#website","url":"https:\/\/www.ebm-geneva.com\/","name":"EBM consulting","description":"Coaching en entreprise Gen\u00e8ve","publisher":{"@id":"https:\/\/www.ebm-geneva.com\/#organization"},"potentialAction":[{"@type":"SearchAction","target":{"@type":"EntryPoint","urlTemplate":"https:\/\/www.ebm-geneva.com\/?s={search_term_string}"},"query-input":{"@type":"PropertyValueSpecification","valueRequired":true,"valueName":"search_term_string"}}],"inLanguage":"de"},{"@type":"Organization","@id":"https:\/\/www.ebm-geneva.com\/#organization","name":"EBM consulting","url":"https:\/\/www.ebm-geneva.com\/","logo":{"@type":"ImageObject","inLanguage":"de","@id":"https:\/\/www.ebm-geneva.com\/#\/schema\/logo\/image\/","url":"https:\/\/www.ebm-geneva.com\/wp-content\/uploads\/2017\/10\/EBM-consulting.png","contentUrl":"https:\/\/www.ebm-geneva.com\/wp-content\/uploads\/2017\/10\/EBM-consulting.png","width":900,"height":349,"caption":"EBM consulting"},"image":{"@id":"https:\/\/www.ebm-geneva.com\/#\/schema\/logo\/image\/"}}]}},"_links":{"self":[{"href":"https:\/\/www.ebm-geneva.com\/de\/wp-json\/wp\/v2\/pages\/716","targetHints":{"allow":["GET"]}}],"collection":[{"href":"https:\/\/www.ebm-geneva.com\/de\/wp-json\/wp\/v2\/pages"}],"about":[{"href":"https:\/\/www.ebm-geneva.com\/de\/wp-json\/wp\/v2\/types\/page"}],"author":[{"embeddable":true,"href":"https:\/\/www.ebm-geneva.com\/de\/wp-json\/wp\/v2\/users\/4"}],"replies":[{"embeddable":true,"href":"https:\/\/www.ebm-geneva.com\/de\/wp-json\/wp\/v2\/comments?post=716"}],"version-history":[{"count":17,"href":"https:\/\/www.ebm-geneva.com\/de\/wp-json\/wp\/v2\/pages\/716\/revisions"}],"predecessor-version":[{"id":2050,"href":"https:\/\/www.ebm-geneva.com\/de\/wp-json\/wp\/v2\/pages\/716\/revisions\/2050"}],"wp:attachment":[{"href":"https:\/\/www.ebm-geneva.com\/de\/wp-json\/wp\/v2\/media?parent=716"}],"curies":[{"name":"wp","href":"https:\/\/api.w.org\/{rel}","templated":true}]}}