{"id":720,"date":"2017-11-20T15:49:16","date_gmt":"2017-11-20T14:49:16","guid":{"rendered":"https:\/\/www.ebm-geneva.com\/de\/?page_id=720"},"modified":"2020-12-09T16:47:44","modified_gmt":"2020-12-09T15:47:44","slug":"methodik","status":"publish","type":"page","link":"https:\/\/www.ebm-geneva.com\/de\/methodik\/","title":{"rendered":"Methodik"},"content":{"rendered":"<p>[et_pb_section fb_built=&#8220;1&#8243; fullwidth=&#8220;on&#8220; disabled_on=&#8220;||on&#8220; _builder_version=&#8220;3.22&#8243;][et_pb_fullwidth_slider show_arrows=&#8220;off&#8220; show_pagination=&#8220;off&#8220; module_class=&#8220;slider-mobile-page&#8220; _builder_version=&#8220;3.16&#8243; box_shadow_style=&#8220;preset6&#8243; box_shadow_blur=&#8220;10px&#8220; box_shadow_color=&#8220;rgba(0,0,0,0.1)&#8220; show_inner_shadow=&#8220;on&#8220; button_letter_spacing_hover=&#8220;0&#8243; button_text_size__hover_enabled=&#8220;off&#8220; button_text_size__hover=&#8220;null&#8220; button_one_text_size__hover_enabled=&#8220;off&#8220; button_one_text_size__hover=&#8220;null&#8220; button_two_text_size__hover_enabled=&#8220;off&#8220; button_two_text_size__hover=&#8220;null&#8220; button_text_color__hover_enabled=&#8220;off&#8220; button_text_color__hover=&#8220;null&#8220; button_one_text_color__hover_enabled=&#8220;off&#8220; button_one_text_color__hover=&#8220;null&#8220; button_two_text_color__hover_enabled=&#8220;off&#8220; button_two_text_color__hover=&#8220;null&#8220; button_border_width__hover_enabled=&#8220;off&#8220; button_border_width__hover=&#8220;null&#8220; button_one_border_width__hover_enabled=&#8220;off&#8220; button_one_border_width__hover=&#8220;null&#8220; button_two_border_width__hover_enabled=&#8220;off&#8220; button_two_border_width__hover=&#8220;null&#8220; button_border_color__hover_enabled=&#8220;off&#8220; button_border_color__hover=&#8220;null&#8220; button_one_border_color__hover_enabled=&#8220;off&#8220; button_one_border_color__hover=&#8220;null&#8220; button_two_border_color__hover_enabled=&#8220;off&#8220; button_two_border_color__hover=&#8220;null&#8220; button_border_radius__hover_enabled=&#8220;off&#8220; button_border_radius__hover=&#8220;null&#8220; button_one_border_radius__hover_enabled=&#8220;off&#8220; button_one_border_radius__hover=&#8220;null&#8220; button_two_border_radius__hover_enabled=&#8220;off&#8220; button_two_border_radius__hover=&#8220;null&#8220; button_letter_spacing__hover_enabled=&#8220;on&#8220; button_letter_spacing__hover=&#8220;0&#8243; button_one_letter_spacing__hover_enabled=&#8220;off&#8220; button_one_letter_spacing__hover=&#8220;null&#8220; button_two_letter_spacing__hover_enabled=&#8220;off&#8220; button_two_letter_spacing__hover=&#8220;null&#8220; button_bg_color__hover_enabled=&#8220;off&#8220; button_bg_color__hover=&#8220;null&#8220; button_one_bg_color__hover_enabled=&#8220;off&#8220; button_one_bg_color__hover=&#8220;null&#8220; button_two_bg_color__hover_enabled=&#8220;off&#8220; button_two_bg_color__hover=&#8220;null&#8220;][et_pb_slide use_bg_overlay=&#8220;off&#8220; use_text_overlay=&#8220;off&#8220; _builder_version=&#8220;3.16&#8243; header_font=&#8220;||||&#8220; body_font=&#8220;||||&#8220; background_color=&#8220;#ffffff&#8220; background_image=&#8220;https:\/\/www.ebm-geneva.com\/wp-content\/uploads\/2017\/10\/Coaching-Incident-grave-Geneve.jpg&#8220; button_icon_placement=&#8220;right&#8220; button_on_hover=&#8220;on&#8220; button_text_size__hover_enabled=&#8220;off&#8220; button_one_text_size__hover_enabled=&#8220;off&#8220; button_two_text_size__hover_enabled=&#8220;off&#8220; button_text_color__hover_enabled=&#8220;off&#8220; button_one_text_color__hover_enabled=&#8220;off&#8220; button_two_text_color__hover_enabled=&#8220;off&#8220; button_border_width__hover_enabled=&#8220;off&#8220; button_one_border_width__hover_enabled=&#8220;off&#8220; button_two_border_width__hover_enabled=&#8220;off&#8220; button_border_color__hover_enabled=&#8220;off&#8220; button_one_border_color__hover_enabled=&#8220;off&#8220; button_two_border_color__hover_enabled=&#8220;off&#8220; button_border_radius__hover_enabled=&#8220;off&#8220; button_one_border_radius__hover_enabled=&#8220;off&#8220; button_two_border_radius__hover_enabled=&#8220;off&#8220; button_letter_spacing__hover_enabled=&#8220;off&#8220; button_one_letter_spacing__hover_enabled=&#8220;off&#8220; button_two_letter_spacing__hover_enabled=&#8220;off&#8220; button_bg_color__hover_enabled=&#8220;off&#8220; button_one_bg_color__hover_enabled=&#8220;off&#8220; button_two_bg_color__hover_enabled=&#8220;off&#8220;][\/et_pb_slide][\/et_pb_fullwidth_slider][\/et_pb_section][et_pb_section fb_built=&#8220;1&#8243; _builder_version=&#8220;3.22&#8243; custom_margin=&#8220;0px||0px|&#8220; custom_padding=&#8220;0px|0px|0px|0px&#8220;][et_pb_row column_structure=&#8220;1_2,1_2&#8243; use_custom_gutter=&#8220;on&#8220; gutter_width=&#8220;1&#8243; make_equal=&#8220;on&#8220; module_class=&#8220;bloc-img et_pb_row_fullwidth&#8220; _builder_version=&#8220;3.25&#8243; width=&#8220;100%&#8220; width_tablet=&#8220;100%&#8220; width_phone=&#8220;&#8220; width_last_edited=&#8220;on|desktop&#8220; max_width=&#8220;100%&#8220; max_width_tablet=&#8220;100%&#8220; max_width_phone=&#8220;&#8220; max_width_last_edited=&#8220;on|desktop&#8220; custom_padding=&#8220;0px|0px|0px|0px&#8220; make_fullwidth=&#8220;on&#8220;][et_pb_column type=&#8220;1_2&#8243; _builder_version=&#8220;3.25&#8243; background_image=&#8220;https:\/\/www.ebm-geneva.com\/wp-content\/uploads\/2017\/10\/Coaching-Incident-grave-Geneve.jpg&#8220; custom_padding=&#8220;|||&#8220; custom_padding_last_edited=&#8220;off|&#8220; custom_padding__hover=&#8220;|||&#8220;][\/et_pb_column][et_pb_column type=&#8220;1_2&#8243; _builder_version=&#8220;3.25&#8243; custom_padding=&#8220;|||&#8220; custom_padding_last_edited=&#8220;off|&#8220; custom_padding__hover=&#8220;|||&#8220;][et_pb_text module_class=&#8220;Titre-home&#8220; _builder_version=&#8220;3.27.4&#8243; custom_margin=&#8220;|1px||2px&#8220; custom_padding=&#8220;40px|40px|40vh|40px&#8220; border_style=&#8220;solid&#8220;]<\/p>\n<h1>Probl\u00e8mes entreprise Gen\u00e8ve<\/h1>\n<p>[\/et_pb_text][et_pb_text module_class=&#8220;scrol&#8220; _builder_version=&#8220;4.2.2&#8243; custom_margin=&#8220;|1px||2px&#8220; custom_padding=&#8220;40px|40px|40vh|40px&#8220;]<\/p>\n<h1><span style=\"color: #cc1dff;\"><strong> Methodik<\/strong><\/span><\/h1>\n<h1><span style=\"color: #000000;\"><strong>An Ihrer <span style=\"color: #ff0000;\">Seite<\/span> ! <\/strong><em>Auch online sessions<\/em><\/span><\/h1>\n<p>&nbsp;<\/p>\n<p><strong>Der Sozialingenieur<\/strong>, perfektioniert auf Grundlage eines Konzeptes aus Kanada, ist spezialisiert auf das Management von individuellen und kollektiven Krisen, mit dem Ziel, die betroffenen Personen, innerhalb kurzer Zeit, wieder ihre Eigenst\u00e4ndigkeit wiedererlangen zu lassen. Sein Ansatz beruht auf verschiedenen wissenschaftlichen Theorien und Praktiken, je nach Zusammensetzung seiner Ausbildung.<\/p>\n<p>Der Sozialingenieur ist dank einer interdisziplin\u00e4ren, langen und fundierten Universit\u00e4tsausbildung qualifiziert, die jeweiligen Disziplinen einzelnen zu praktizieren. Es handelt sich um eine praktische, konkrete, sogar perfektionistische Methode, die es ihm erm\u00f6glicht, Situationen mit der f\u00fcr den Moment schl\u00fcssigsten Methodik anzugehen. Bei dieser ganzheitlichen, interaktiven Herangehensweise kommen die mentalen, k\u00f6rperlichen, intellektuellen und k\u00fcnstlerischen F\u00e4higkeiten der beteiligten Personen zum Einsatz. Der Sozialingenieur ist in der Lage, eine psychosoziale und medizinische Diagnose zu stellen. Er verf\u00fcgt \u00fcber stets aktuelle Kenntnisse von den Sozialversicherungen sowie von deren Abl\u00e4ufen. Der Sozialingenieur ordnet die Person auf Anhieb in deren Kontext ein, um die Realit\u00e4t nach der Krise zu verstehen, der die betroffene Person gegen\u00fcber stehen wird. <a href=\"https:\/\/www.ebm-geneva.com\/science\/\">Siehe pdf<\/a><\/p>\n<p>Der Experte arbeitet vernetzt. Er verweist die Person an spezialisierte offizielle Stellen, sobald die Situation dies erlaubt. Er strebt einen gemeinsamen Erfolg von allen &#8211; Gespr\u00e4chspartnern und Beteiligten &#8211; an. Der Sozialingenieur hat sich dazu verpflichtet, eine Weiterbildung von 50 bzw. 70 Stunden pro Jahr zu absolvieren. Seine Aufgabe verlangt eine weitreichende Verf\u00fcgbarkeit, sowie eines permanenten physischen und mentalen Trainings. W\u00e4hrend dieser Betreuung wird die Person unvermeidbar dahin gebracht, die ethische Dimension ihrer Entscheidungen und den Sinn, den sie aus ihrer Erfahrung ziehen kann, zu betrachten, um erneut ein Ziel im Leben zu setzen.\u00a0<\/p>\n<p>Die <strong>Finanzierungsantr\u00e4ge<\/strong> werden von den <strong>Auftraggebern<\/strong> oder den <strong>Einzelpersonen<\/strong> (ausser Krankenkassen) gestellt &#8211; n\u00e4mlich von den Arbeitgebern, den Erwerbsausfallversicherungen, der Invaliden- Sal\u00e4rausfallversicherung, den \u00c4rzten, den Psychiatern, den Einzelpersonen. Es handelt sich um eine massgeschneiderte Behandlung und Dienstleistung.<\/p>\n<p><strong>Prozessgeregelte Abl\u00e4ufe sichern die Resultate und Entwicklungen.<\/strong><\/p>\n<p>&nbsp;<\/p>\n<p><strong><em>Die Zusammenf\u00fchrung unserer verschiedenen Einheiten wird dazu beitragen, unser Angebot zu beleben, um Ihre Bed\u00fcrfnisse noch effizienter und zielgerichteter zu erf\u00fcllen und Ihnen globale L\u00f6sungen anzubieten, die auf unser Konzept der Pr\u00e4vention von Gesundheitsrisiken zugeschnitten sind.<\/em><\/strong><\/p>\n<p>&nbsp;<\/p>\n<p>&nbsp;<\/p>\n<p>[\/et_pb_text][\/et_pb_column][\/et_pb_row][\/et_pb_section]<\/p>\n","protected":false},"excerpt":{"rendered":"<p>Probl\u00e8mes entreprise Gen\u00e8ve Methodik An Ihrer Seite ! Auch online sessions &nbsp; Der Sozialingenieur, perfektioniert auf Grundlage eines Konzeptes aus Kanada, ist spezialisiert auf das Management von individuellen und kollektiven Krisen, mit dem Ziel, die betroffenen Personen, innerhalb kurzer Zeit, wieder ihre Eigenst\u00e4ndigkeit wiedererlangen zu lassen. Sein Ansatz beruht auf verschiedenen wissenschaftlichen Theorien und Praktiken, [&hellip;]<\/p>\n","protected":false},"author":4,"featured_media":0,"parent":0,"menu_order":0,"comment_status":"closed","ping_status":"closed","template":"","meta":{"_et_pb_use_builder":"on","_et_pb_old_content":"","_et_gb_content_width":"","footnotes":""},"class_list":["post-720","page","type-page","status-publish","hentry"],"yoast_head":"<!-- This site is optimized with the Yoast SEO plugin v27.4 - https:\/\/yoast.com\/product\/yoast-seo-wordpress\/ -->\n<title>Methodik - EBM consulting<\/title>\n<meta name=\"robots\" content=\"index, follow, max-snippet:-1, max-image-preview:large, max-video-preview:-1\" \/>\n<link rel=\"canonical\" href=\"https:\/\/www.ebm-geneva.com\/de\/methodik\/\" \/>\n<meta property=\"og:locale\" content=\"de_DE\" \/>\n<meta property=\"og:type\" content=\"article\" \/>\n<meta property=\"og:title\" content=\"Methodik - EBM consulting\" \/>\n<meta property=\"og:description\" content=\"Probl\u00e8mes entreprise Gen\u00e8ve Methodik An Ihrer Seite ! Auch online sessions &nbsp; Der Sozialingenieur, perfektioniert auf Grundlage eines Konzeptes aus Kanada, ist spezialisiert auf das Management von individuellen und kollektiven Krisen, mit dem Ziel, die betroffenen Personen, innerhalb kurzer Zeit, wieder ihre Eigenst\u00e4ndigkeit wiedererlangen zu lassen. Sein Ansatz beruht auf verschiedenen wissenschaftlichen Theorien und Praktiken, [&hellip;]\" \/>\n<meta property=\"og:url\" content=\"https:\/\/www.ebm-geneva.com\/de\/methodik\/\" \/>\n<meta property=\"og:site_name\" content=\"EBM consulting\" \/>\n<meta property=\"article:modified_time\" content=\"2020-12-09T15:47:44+00:00\" \/>\n<meta name=\"twitter:card\" content=\"summary_large_image\" \/>\n<meta name=\"twitter:label1\" content=\"Gesch\u00e4tzte Lesezeit\" \/>\n\t<meta name=\"twitter:data1\" content=\"5\u00a0Minuten\" \/>\n<script type=\"application\/ld+json\" class=\"yoast-schema-graph\">{\"@context\":\"https:\\\/\\\/schema.org\",\"@graph\":[{\"@type\":\"WebPage\",\"@id\":\"https:\\\/\\\/www.ebm-geneva.com\\\/de\\\/methodik\\\/\",\"url\":\"https:\\\/\\\/www.ebm-geneva.com\\\/de\\\/methodik\\\/\",\"name\":\"Methodik - EBM consulting\",\"isPartOf\":{\"@id\":\"https:\\\/\\\/www.ebm-geneva.com\\\/#website\"},\"datePublished\":\"2017-11-20T14:49:16+00:00\",\"dateModified\":\"2020-12-09T15:47:44+00:00\",\"breadcrumb\":{\"@id\":\"https:\\\/\\\/www.ebm-geneva.com\\\/de\\\/methodik\\\/#breadcrumb\"},\"inLanguage\":\"de\",\"potentialAction\":[{\"@type\":\"ReadAction\",\"target\":[\"https:\\\/\\\/www.ebm-geneva.com\\\/de\\\/methodik\\\/\"]}]},{\"@type\":\"BreadcrumbList\",\"@id\":\"https:\\\/\\\/www.ebm-geneva.com\\\/de\\\/methodik\\\/#breadcrumb\",\"itemListElement\":[{\"@type\":\"ListItem\",\"position\":1,\"name\":\"Accueil\",\"item\":\"https:\\\/\\\/www.ebm-geneva.com\\\/de\\\/\"},{\"@type\":\"ListItem\",\"position\":2,\"name\":\"Methodik\"}]},{\"@type\":\"WebSite\",\"@id\":\"https:\\\/\\\/www.ebm-geneva.com\\\/#website\",\"url\":\"https:\\\/\\\/www.ebm-geneva.com\\\/\",\"name\":\"EBM consulting\",\"description\":\"Coaching en entreprise Gen\u00e8ve\",\"publisher\":{\"@id\":\"https:\\\/\\\/www.ebm-geneva.com\\\/#organization\"},\"potentialAction\":[{\"@type\":\"SearchAction\",\"target\":{\"@type\":\"EntryPoint\",\"urlTemplate\":\"https:\\\/\\\/www.ebm-geneva.com\\\/?s={search_term_string}\"},\"query-input\":{\"@type\":\"PropertyValueSpecification\",\"valueRequired\":true,\"valueName\":\"search_term_string\"}}],\"inLanguage\":\"de\"},{\"@type\":\"Organization\",\"@id\":\"https:\\\/\\\/www.ebm-geneva.com\\\/#organization\",\"name\":\"EBM consulting\",\"url\":\"https:\\\/\\\/www.ebm-geneva.com\\\/\",\"logo\":{\"@type\":\"ImageObject\",\"inLanguage\":\"de\",\"@id\":\"https:\\\/\\\/www.ebm-geneva.com\\\/#\\\/schema\\\/logo\\\/image\\\/\",\"url\":\"https:\\\/\\\/www.ebm-geneva.com\\\/wp-content\\\/uploads\\\/2017\\\/10\\\/EBM-consulting.png\",\"contentUrl\":\"https:\\\/\\\/www.ebm-geneva.com\\\/wp-content\\\/uploads\\\/2017\\\/10\\\/EBM-consulting.png\",\"width\":900,\"height\":349,\"caption\":\"EBM consulting\"},\"image\":{\"@id\":\"https:\\\/\\\/www.ebm-geneva.com\\\/#\\\/schema\\\/logo\\\/image\\\/\"}}]}<\/script>\n<!-- \/ Yoast SEO plugin. -->","yoast_head_json":{"title":"Methodik - EBM consulting","robots":{"index":"index","follow":"follow","max-snippet":"max-snippet:-1","max-image-preview":"max-image-preview:large","max-video-preview":"max-video-preview:-1"},"canonical":"https:\/\/www.ebm-geneva.com\/de\/methodik\/","og_locale":"de_DE","og_type":"article","og_title":"Methodik - EBM consulting","og_description":"Probl\u00e8mes entreprise Gen\u00e8ve Methodik An Ihrer Seite ! Auch online sessions &nbsp; Der Sozialingenieur, perfektioniert auf Grundlage eines Konzeptes aus Kanada, ist spezialisiert auf das Management von individuellen und kollektiven Krisen, mit dem Ziel, die betroffenen Personen, innerhalb kurzer Zeit, wieder ihre Eigenst\u00e4ndigkeit wiedererlangen zu lassen. Sein Ansatz beruht auf verschiedenen wissenschaftlichen Theorien und Praktiken, [&hellip;]","og_url":"https:\/\/www.ebm-geneva.com\/de\/methodik\/","og_site_name":"EBM consulting","article_modified_time":"2020-12-09T15:47:44+00:00","twitter_card":"summary_large_image","twitter_misc":{"Gesch\u00e4tzte Lesezeit":"5\u00a0Minuten"},"schema":{"@context":"https:\/\/schema.org","@graph":[{"@type":"WebPage","@id":"https:\/\/www.ebm-geneva.com\/de\/methodik\/","url":"https:\/\/www.ebm-geneva.com\/de\/methodik\/","name":"Methodik - EBM consulting","isPartOf":{"@id":"https:\/\/www.ebm-geneva.com\/#website"},"datePublished":"2017-11-20T14:49:16+00:00","dateModified":"2020-12-09T15:47:44+00:00","breadcrumb":{"@id":"https:\/\/www.ebm-geneva.com\/de\/methodik\/#breadcrumb"},"inLanguage":"de","potentialAction":[{"@type":"ReadAction","target":["https:\/\/www.ebm-geneva.com\/de\/methodik\/"]}]},{"@type":"BreadcrumbList","@id":"https:\/\/www.ebm-geneva.com\/de\/methodik\/#breadcrumb","itemListElement":[{"@type":"ListItem","position":1,"name":"Accueil","item":"https:\/\/www.ebm-geneva.com\/de\/"},{"@type":"ListItem","position":2,"name":"Methodik"}]},{"@type":"WebSite","@id":"https:\/\/www.ebm-geneva.com\/#website","url":"https:\/\/www.ebm-geneva.com\/","name":"EBM consulting","description":"Coaching en entreprise Gen\u00e8ve","publisher":{"@id":"https:\/\/www.ebm-geneva.com\/#organization"},"potentialAction":[{"@type":"SearchAction","target":{"@type":"EntryPoint","urlTemplate":"https:\/\/www.ebm-geneva.com\/?s={search_term_string}"},"query-input":{"@type":"PropertyValueSpecification","valueRequired":true,"valueName":"search_term_string"}}],"inLanguage":"de"},{"@type":"Organization","@id":"https:\/\/www.ebm-geneva.com\/#organization","name":"EBM consulting","url":"https:\/\/www.ebm-geneva.com\/","logo":{"@type":"ImageObject","inLanguage":"de","@id":"https:\/\/www.ebm-geneva.com\/#\/schema\/logo\/image\/","url":"https:\/\/www.ebm-geneva.com\/wp-content\/uploads\/2017\/10\/EBM-consulting.png","contentUrl":"https:\/\/www.ebm-geneva.com\/wp-content\/uploads\/2017\/10\/EBM-consulting.png","width":900,"height":349,"caption":"EBM consulting"},"image":{"@id":"https:\/\/www.ebm-geneva.com\/#\/schema\/logo\/image\/"}}]}},"_links":{"self":[{"href":"https:\/\/www.ebm-geneva.com\/de\/wp-json\/wp\/v2\/pages\/720","targetHints":{"allow":["GET"]}}],"collection":[{"href":"https:\/\/www.ebm-geneva.com\/de\/wp-json\/wp\/v2\/pages"}],"about":[{"href":"https:\/\/www.ebm-geneva.com\/de\/wp-json\/wp\/v2\/types\/page"}],"author":[{"embeddable":true,"href":"https:\/\/www.ebm-geneva.com\/de\/wp-json\/wp\/v2\/users\/4"}],"replies":[{"embeddable":true,"href":"https:\/\/www.ebm-geneva.com\/de\/wp-json\/wp\/v2\/comments?post=720"}],"version-history":[{"count":12,"href":"https:\/\/www.ebm-geneva.com\/de\/wp-json\/wp\/v2\/pages\/720\/revisions"}],"predecessor-version":[{"id":1780,"href":"https:\/\/www.ebm-geneva.com\/de\/wp-json\/wp\/v2\/pages\/720\/revisions\/1780"}],"wp:attachment":[{"href":"https:\/\/www.ebm-geneva.com\/de\/wp-json\/wp\/v2\/media?parent=720"}],"curies":[{"name":"wp","href":"https:\/\/api.w.org\/{rel}","templated":true}]}}